{"id":845,"date":"2019-11-26T16:38:18","date_gmt":"2019-11-26T16:38:18","guid":{"rendered":"https:\/\/sky-it.ro\/clone\/?page_id=845"},"modified":"2024-01-19T08:30:20","modified_gmt":"2024-01-19T08:30:20","slug":"cursuri-excel-incepatori-intermediar","status":"publish","type":"page","link":"https:\/\/sky-it.ro\/clone\/cursuri-excel-incepatori-intermediar\/","title":{"rendered":"Cursuri Excel incepatori intermediar"},"content":{"rendered":"<p>[vc_row css_animation=&#8221;&#8221; row_type=&#8221;row&#8221; use_row_as_full_screen_section=&#8221;no&#8221; type=&#8221;full_width&#8221; angled_section=&#8221;no&#8221; text_align=&#8221;left&#8221; background_image_as_pattern=&#8221;without_pattern&#8221;][vc_column][vc_single_image image=&#8221;2601&#8243; img_size=&#8221;full&#8221; alignment=&#8221;center&#8221; qode_css_animation=&#8221;&#8221;][\/vc_column][\/vc_row][vc_row css_animation=&#8221;&#8221; row_type=&#8221;row&#8221; use_row_as_full_screen_section=&#8221;no&#8221; type=&#8221;grid&#8221; angled_section=&#8221;no&#8221; text_align=&#8221;left&#8221; background_image_as_pattern=&#8221;without_pattern&#8221; z_index=&#8221;&#8221; padding_top=&#8221;44&#8243; padding_bottom=&#8221;44&#8243;][vc_column width=&#8221;2\/3&#8243;][vc_row_inner row_type=&#8221;row&#8221; type=&#8221;full_width&#8221; text_align=&#8221;left&#8221; css_animation=&#8221;&#8221;][vc_column_inner width=&#8221;1\/3&#8243;][vc_column_text]<\/p>\n<h6>Durata: <span style=\"color: gray;\">12 ore<\/span><\/h6>\n<p>[\/vc_column_text][\/vc_column_inner][vc_column_inner width=&#8221;1\/3&#8243;][vc_column_text]<\/p>\n<h6>Pret: <span style=\"color: gray;\">165Euro<\/span><\/h6>\n<p>[\/vc_column_text][\/vc_column_inner][vc_column_inner width=&#8221;1\/3&#8243;][vc_column_text]<\/p>\n<h6>Nivel: <span style=\"color: gray;\">Incepator-Mediu<\/span><\/h6>\n<p>[\/vc_column_text][\/vc_column_inner][\/vc_row_inner][vc_separator type=&#8221;transparent&#8221; up=&#8221;44&#8243;]<div class=\"qode-advanced-tabs qode-advanced-tabs qode-advanced-horizontal-tab clearfix qode-advanced-tab-without-icon qode-advanced-tabs-column-3 clearfix\">\n\t<ul class=\"qode-advanced-tabs-nav\">\n\t\t\t\t\t<li>\n\t\t\t\t<h3>\n\t\t\t\t\t<a href=\"#tab-microsoft-office\">\n\t\t\t\t\t\t\n\t\t\t\t\t\t\t\t\t\t\t\t\t<span class=\"qode-advanced-tab-text-after-icon\">\n\t\t\t\t\t\t\t\tMicrosoft Office\t\t\t\t\t\t\t<\/span>\n\t\t\t\t\t\t\t\t\t\t\t<\/a>\n\t\t\t\t<\/h3>\n\t\t\t<\/li>\n\t\t\t\t\t<li>\n\t\t\t\t<h3>\n\t\t\t\t\t<a href=\"#tab-course-detalis\">\n\t\t\t\t\t\t\n\t\t\t\t\t\t\t\t\t\t\t\t\t<span class=\"qode-advanced-tab-text-after-icon\">\n\t\t\t\t\t\t\t\tCourse detalis\t\t\t\t\t\t\t<\/span>\n\t\t\t\t\t\t\t\t\t\t\t<\/a>\n\t\t\t\t<\/h3>\n\t\t\t<\/li>\n\t\t\t\t\t<li>\n\t\t\t\t<h3>\n\t\t\t\t\t<a href=\"#tab-prerequisites\">\n\t\t\t\t\t\t\n\t\t\t\t\t\t\t\t\t\t\t\t\t<span class=\"qode-advanced-tab-text-after-icon\">\n\t\t\t\t\t\t\t\tPrerequisites\t\t\t\t\t\t\t<\/span>\n\t\t\t\t\t\t\t\t\t\t\t<\/a>\n\t\t\t\t<\/h3>\n\t\t\t<\/li>\n\t\t\t<\/ul>\n\t<div class=\"qode-advanced-tab-container\" id=\"tab-microsoft-office-865\" data-icon-pack=\"\" data-icon-html=\"\">[vc_column_text]<\/p>\n<div class=\"courseAbout\">\n<h2><span class=\"DetailPagesContentHeading2\">Cursuri Microsoft Excel 2013\/2016 \u2013 Incepator-Mediu<\/span><\/h2>\n<div class=\"courseAboutLangTrue\" lang=\"en\">\n<div>\n<p>Cursuri potrivite pentru persoanele ce doresc sa invete programul de calcul tabelar Microsof Excel. Cursurile Excel sunt structurate\u00a0 atat pe parte teoretica, insa se pune foarte mult accent si pe partea practica pentru o mai buna intelegere a materiei prezentate. Predare va fi realizata de catre traineri certificati Microsoft cu o buna pregatire atat pe parte practica cat si teoretica.<\/p>\n<\/div>\n<\/div>\n<\/div>\n<div class=\"courseAudienceProfile\">\n<h2><span class=\"DetailPagesContentHeading2\">Despre curs<\/span><\/h2>\n<div class=\"courseAPLangTrue\" lang=\"en\">\n<div>\n<p style=\"padding-left: 30px;\">Audienta:Persoane fizice+Persoane juridice<br \/>\nTechnologie:Microsoft Excel 2013\/2016\/2019<br \/>\nNivel: Excel Incepator-Mediu<br \/>\nModalitate de desfasurare: Online via Microsoft Teams<\/p>\n<ul>\n<li>Durata: 3 ore\/sesiune &#8211; 4 sesiuni, program 9:00-12:00\/14:00-17:00, in cursul saptamanii (L-V)<\/li>\n<li>Durata: 3 ore\/sesiune &#8211; 4 sesiuni, program adaptata disponibilitatii participantilor, varianta de weekend (S-D)<\/li>\n<li>Durata: 2\u00a0ore\/sesiune &#8211; 6 sesiuni, program 18:00-20:00 , in cursul saptamanii (L-V)<\/li>\n<\/ul>\n<p>&nbsp;<\/p>\n<\/div>\n<\/div>\n<\/div>\n<p>[\/vc_column_text]<\/div><div class=\"qode-advanced-tab-container\" id=\"tab-course-detalis-454\" data-icon-pack=\"\" data-icon-html=\"\">[vc_column_text]<\/p>\n<h2><strong>Module<\/strong><\/h2>\n<h3>Modul 1: Installing, upgrading, and migrating servers and workloads<\/h3>\n<ul>\n<li>Tipuri de date (numerice, text, date calendaristice)<\/li>\n<li>Date care se repeta (serii Autofill)<\/li>\n<\/ul>\n<h3>Modul 2: Ribbon<\/h3>\n<ul>\n<li>Ce este un ribbon?<\/li>\n<li>Taburi, grupuri, comenzi\u2014cum lucram cu acestea?<\/li>\n<\/ul>\n<h3>Modul 3: Meniul File<\/h3>\n<ul>\n<li>Introducere<\/li>\n<li>Cum deschidem un Workbook(registru de lucru)?<\/li>\n<li>Cum realizam un Workbook nou si cum utilizam template-uri Excel?<\/li>\n<li>Cum denumim un fisier Excel?<\/li>\n<li>Cum printam un workbook?<\/li>\n<\/ul>\n<h3>Modul 4: Introducerea de date in Microsoft Excel<\/h3>\n<ul>\n<li>Introducere text<\/li>\n<li>Adaugare si stergere de celule (registru de lucru)?<\/li>\n<li>Mutarea datelor \u00eentr-un registru de lucru<\/li>\n<li>Corectarea datelor dintr-o foia de calcul<\/li>\n<li>Crearea \u0219i personalizarea tabelelor<\/li>\n<li>Formatarea celulelor<\/li>\n<li>Aplicarea de teme asupra registrelor de lucru<\/li>\n<li>Folosirea AutoComplete<\/li>\n<li>Utilizarea Fill Handle pentru adauga date in celule<\/li>\n<\/ul>\n<h3>Modul 5: Formatarea foilor de calcul. Conditional Formatting. Aplicatii practice<\/h3>\n<ul>\n<li>Customizare Workbook folosind Tab Colors si Themes<\/li>\n<li>Lucrul cu Font Group Commands<\/li>\n<li>Lucrul cu Alignment Group Commands<\/li>\n<li>Lucrul cu Number Group Commands<\/li>\n<\/ul>\n<p>Practic in acest modul vom invata cum sa:<\/p>\n<ol>\n<li style=\"list-style-type: none;\">\n<ul>\n<li>Selectam o gama de celule dintr-un worksheet<\/li>\n<li>Ascundem un worksheet<\/li>\n<li>Adaugam coloane<\/li>\n<li>Adaugam teme<\/li>\n<li>Coloram tab-ul workbook<\/li>\n<li>Adaugam teme worksheet-urilor<\/li>\n<li>Aplicam fonturile bold, italics si underlinning unui text<\/li>\n<li>Adaugam margini celulelor<\/li>\n<li>Schimbam culoarea textului intr-o celula<\/li>\n<li>Schimbam fontul si marimea fontului<\/li>\n<li>Folosim functiile Align, Wrap, Indent, Merge and Center asupra unui text<\/li>\n<li>Formatam numere si date<\/li>\n<li>Aplicam stiluri tabelelor<\/li>\n<li>Inseraram de imagini \u00een cadrul foilor de lucru<\/li>\n<\/ul>\n<\/li>\n<\/ol>\n<h3>Modul 6: Formule si functii in Excel<\/h3>\n<ul>\n<li>Operatori matematici si ordinea operatiilor(adunare, scadere, inmultire, impartire, procent)<\/li>\n<li>Crearea si modificarea unei formule<\/li>\n<li>Utilizarea operatorilor de comparatie in formule (&gt;,&gt;=,&lt;,&lt;=.&lt;&gt;)<\/li>\n<li>Folosirea AutoSum pentru sumarizarea datelor cu un singur click<\/li>\n<li>Utilizarea formulelor si functiilor (Func\u0163ii de tip Date and Time; Func\u0163ii Booleene (Logice) &#8211; AND, OR; Func\u0163ii de tip Text ; Func\u0163ii standard agregate &#8211; SUM, COUNT, AVERAGE, MIN, MAX; Func\u0163ii agregate condi\u0163ionale &#8211; SUMIF, COUNTIF)<\/li>\n<li>Functii pentru extragerea valorilor maxime si minime (MAX, MIN)<\/li>\n<li>Functia IF (pentru crearea formulelor conditionale). Functia TODAY (afisarea datei curente). Functia VLOOKUP()<\/li>\n<li>Copierea formulelor si a functiilor<\/li>\n<li>Aplicatii practice<\/li>\n<\/ul>\n<h3>Modul 7: Lucrul cu randuri si coloane<\/h3>\n<ul>\n<li>Adaugare\/stergere randuri si coloane<\/li>\n<li>Blocarea randurilor\/coloanelor;afisarea\/ascunderea randurilor si coloanelor<\/li>\n<li>Transpunere randuri si coloane<\/li>\n<li>Modificarea inaltimii unui rand sau modificarea latimii unei coloane<\/li>\n<li>Folosirea functiei Freeze<\/li>\n<\/ul>\n<h3>Modul 8: Editarea foilor de lucru<\/h3>\n<ul>\n<li>Sortarea datelor.Sortari simple (dupa un camp) \/ multiple (dupa mai multe campuri)<\/li>\n<li>Filtrarea datelor<\/li>\n<li>Folosirea Find si Replace<\/li>\n<li>Folosirea comenzilor Cut, Copy, Paste and Format Painter pentru editarea foilor de lucru<\/li>\n<li>Introducerea de comentarii<\/li>\n<li>Setare margini foi de lucru<\/li>\n<li>Setare orientare pagina<\/li>\n<li>Adaugare de Header si Footer&lt;<\/li>\n<li>Scalare foaie de lucru (stabilirea zonei de tiparire) pentru a printa toate datele pe o singura pagina&lt;<\/li>\n<\/ul>\n<h3>Modul 9: Q&amp;A<\/h3>\n<ul>\n<li>Sesiune de intrebari si raspunsuri<\/li>\n<\/ul>\n<p>[\/vc_column_text]<\/div><div class=\"qode-advanced-tab-container\" id=\"tab-prerequisites-83\" data-icon-pack=\"\" data-icon-html=\"\">[vc_column_text][\/vc_column_text]<\/div><\/div>[\/vc_column][vc_column width=&#8221;1\/3&#8243;][vc_row_inner row_type=&#8221;row&#8221; type=&#8221;full_width&#8221; text_align=&#8221;left&#8221; css_animation=&#8221;&#8221;][vc_column_inner][vc_column_text]<\/p>\n<h6>Formular inregistrare:<\/h6>\n<p>[\/vc_column_text][\/vc_column_inner][\/vc_row_inner][vc_separator type=&#8221;transparent&#8221; up=&#8221;36&#8243;]\n<div class=\"wpcf7 no-js\" id=\"wpcf7-f740-o1\" lang=\"ro-RO\" dir=\"ltr\">\n<div class=\"screen-reader-response\"><p role=\"status\" aria-live=\"polite\" aria-atomic=\"true\"><\/p> <ul><\/ul><\/div>\n<form action=\"\/clone\/wp-json\/wp\/v2\/pages\/845#wpcf7-f740-o1\" method=\"post\" class=\"wpcf7-form init default\" aria-label=\"Formular de contact\" novalidate=\"novalidate\" data-status=\"init\">\n<div style=\"display: none;\">\n<input type=\"hidden\" name=\"_wpcf7\" value=\"740\" \/>\n<input type=\"hidden\" name=\"_wpcf7_version\" value=\"5.9.8\" \/>\n<input type=\"hidden\" name=\"_wpcf7_locale\" value=\"ro_RO\" \/>\n<input type=\"hidden\" name=\"_wpcf7_unit_tag\" value=\"wpcf7-f740-o1\" \/>\n<input type=\"hidden\" name=\"_wpcf7_container_post\" value=\"0\" \/>\n<input type=\"hidden\" name=\"_wpcf7_posted_data_hash\" value=\"\" \/>\n<\/div>\n<p><label> *Nume si prenume: <span class=\"wpcf7-form-control-wrap\" data-name=\"your-name\"><input size=\"40\" maxlength=\"400\" class=\"wpcf7-form-control wpcf7-text wpcf7-validates-as-required\" aria-required=\"true\" aria-invalid=\"false\" value=\"\" type=\"text\" name=\"your-name\" \/><\/span> <\/label>\n<\/p>\n<p><label> *Email: <span class=\"wpcf7-form-control-wrap\" data-name=\"your-email\"><input size=\"40\" maxlength=\"400\" class=\"wpcf7-form-control wpcf7-email wpcf7-validates-as-required wpcf7-text wpcf7-validates-as-email\" aria-required=\"true\" aria-invalid=\"false\" value=\"\" type=\"email\" name=\"your-email\" \/><\/span> <\/label><br \/>\n<label> *Mobil: <span class=\"wpcf7-form-control-wrap\" data-name=\"tel-942\"><input size=\"10\" maxlength=\"400\" class=\"wpcf7-form-control wpcf7-tel wpcf7-validates-as-required wpcf7-text wpcf7-validates-as-tel\" aria-required=\"true\" aria-invalid=\"false\" placeholder=\"ex: 0720000000\" value=\"\" type=\"tel\" name=\"tel-942\" \/><\/span> <\/label><br \/>\n<label> *Numar participanti: <span class=\"wpcf7-form-control-wrap\" data-name=\"number-552\"><input class=\"wpcf7-form-control wpcf7-number wpcf7-validates-as-required wpcf7-validates-as-number\" aria-required=\"true\" aria-invalid=\"false\" value=\"\" type=\"number\" name=\"number-552\" \/><\/span> <\/label><br \/>\n<label> Firma: <span class=\"wpcf7-form-control-wrap\" data-name=\"your-subject\"><input size=\"40\" maxlength=\"400\" class=\"wpcf7-form-control wpcf7-text\" aria-invalid=\"false\" value=\"\" type=\"text\" name=\"your-subject\" \/><\/span> <\/label>\n<\/p>\n<p><label> Observatii: <span class=\"wpcf7-form-control-wrap\" data-name=\"your-message\"><textarea cols=\"40\" rows=\"10\" maxlength=\"2000\" class=\"wpcf7-form-control wpcf7-textarea\" aria-invalid=\"false\" name=\"your-message\"><\/textarea><\/span> <\/label>\n<\/p>\n<p>Campurile marcate cu * sunt obligatorii!\n<\/p>\n<p><span class=\"wpcf7-form-control-wrap\" data-name=\"acceptance-216\"><span class=\"wpcf7-form-control wpcf7-acceptance\"><span class=\"wpcf7-list-item\"><label><input type=\"checkbox\" name=\"acceptance-216\" value=\"1\" aria-invalid=\"false\" \/><span class=\"wpcf7-list-item-label\">Sunt de acord cu <a href=\"https:\/\/sky-it.ro\/clone\/termeni-si-conditii\/\">termenii si conditiile<\/a> afisate pe site.<\/span><\/label><\/span><\/span><\/span><br \/>\n<div id=\"cf7sr-69f2961def019\" class=\"cf7sr-g-recaptcha\" data-theme=\"light\" data-type=\"image\" data-size=\"normal\" data-sitekey=\"6LemG9IUAAAAAIVQNEiLTTvj-bLZnZN2NKEw1NDY\"><\/div><span class=\"wpcf7-form-control-wrap cf7sr-recaptcha\" data-name=\"cf7sr-recaptcha\"><input type=\"hidden\" name=\"cf7sr-recaptcha\" value=\"\" class=\"wpcf7-form-control\"><\/span><br \/>\n<input class=\"wpcf7-form-control wpcf7-submit has-spinner\" type=\"submit\" value=\"Trimite\" \/>\n<\/p><p style=\"display: none !important;\" class=\"akismet-fields-container\" data-prefix=\"_wpcf7_ak_\"><label>&#916;<textarea name=\"_wpcf7_ak_hp_textarea\" cols=\"45\" rows=\"8\" maxlength=\"100\"><\/textarea><\/label><input type=\"hidden\" id=\"ak_js_1\" name=\"_wpcf7_ak_js\" value=\"159\"\/><script>document.getElementById( \"ak_js_1\" ).setAttribute( \"value\", ( new Date() ).getTime() );<\/script><\/p><div class=\"wpcf7-response-output\" aria-hidden=\"true\"><\/div>\n<\/form>\n<\/div>\n[vc_separator type=&#8221;transparent&#8221; up=&#8221;46&#8243;][vc_column_text]<\/p>\n<h6>Te-ar putea interesa si:<\/h6>\n<p>[\/vc_column_text][vc_column_text]<div id='1' class='widgets_on_page wop_tiny1  wop_small1  wop_medium1  wop_large1  wop_wide1'>\n\t\t\t<ul><!-- ERROR NO TURBO SIDEBAR FOUND WITH ID wop-1--><\/ul><\/div><!-- widgets_on_page -->[\/vc_column_text][\/vc_column][\/vc_row][vc_row css_animation=&#8221;&#8221; row_type=&#8221;row&#8221; use_row_as_full_screen_section=&#8221;no&#8221; type=&#8221;grid&#8221; angled_section=&#8221;no&#8221; text_align=&#8221;left&#8221; background_image_as_pattern=&#8221;without_pattern&#8221; css=&#8221;.vc_custom_1473086245677{padding-top: 13px !important;padding-bottom: 13px !important;background-color: #ffffff !important;}&#8221;][vc_column]<div class='qode_carousels_holder clearfix'><div class='qode_carousels' data-number-of-visible-items='4'><ul class='slides'><li class='item'><div class=\"carousel_item_holder\"><a itemprop='url' href='#' target='_self'><span class='first_image_holder has_hover_image'><img decoding=\"async\" itemprop=\"image\" src=\"https:\/\/sky-it.ro\/clone\/wp-content\/uploads\/2020\/06\/cursuri-excel1-1.png\" alt=\"carousel image\" \/><\/span><span class='second_image_holder has_hover_image'><img decoding=\"async\" itemprop=\"image\" src=\"https:\/\/sky-it.ro\/clone\/wp-content\/uploads\/2020\/06\/cursuri-excel-1.png\" alt=\"carousel image\" \/><\/span><\/a><\/div><\/li><li class='item'><div class=\"carousel_item_holder\"><a itemprop='url' href='#' target='_self'><span class='first_image_holder has_hover_image'><img decoding=\"async\" itemprop=\"image\" src=\"https:\/\/sky-it.ro\/clone\/wp-content\/uploads\/2020\/06\/cursuri-excel3.png\" alt=\"carousel image\" \/><\/span><span class='second_image_holder has_hover_image'><img decoding=\"async\" itemprop=\"image\" src=\"https:\/\/sky-it.ro\/clone\/wp-content\/uploads\/2020\/06\/cursuri-excel2-1.png\" alt=\"carousel image\" \/><\/span><\/a><\/div><\/li><li class='item'><div class=\"carousel_item_holder\"><a itemprop='url' href='#' target='_self'><span class='first_image_holder has_hover_image'><img decoding=\"async\" itemprop=\"image\" src=\"https:\/\/sky-it.ro\/clone\/wp-content\/uploads\/2020\/06\/cursuri-excel5.png\" alt=\"carousel image\" \/><\/span><span class='second_image_holder has_hover_image'><img decoding=\"async\" itemprop=\"image\" src=\"https:\/\/sky-it.ro\/clone\/wp-content\/uploads\/2020\/06\/cursuri-excel4.png\" alt=\"carousel image\" \/><\/span><\/a><\/div><\/li><li class='item'><div class=\"carousel_item_holder\"><a itemprop='url' href='#' target='_self'><span class='first_image_holder has_hover_image'><img decoding=\"async\" itemprop=\"image\" src=\"https:\/\/sky-it.ro\/clone\/wp-content\/uploads\/2020\/06\/cursuri-excel7.png\" alt=\"carousel image\" \/><\/span><span class='second_image_holder has_hover_image'><img decoding=\"async\" itemprop=\"image\" src=\"https:\/\/sky-it.ro\/clone\/wp-content\/uploads\/2020\/06\/cursuri-excel6.png\" alt=\"carousel image\" \/><\/span><\/a><\/div><\/li><li class='item'><div class=\"carousel_item_holder\"><a itemprop='url' href='#' target='_self'><span class='first_image_holder has_hover_image'><img decoding=\"async\" itemprop=\"image\" src=\"https:\/\/sky-it.ro\/clone\/wp-content\/uploads\/2020\/06\/cursuri-excel9.png\" alt=\"carousel image\" \/><\/span><span class='second_image_holder has_hover_image'><img decoding=\"async\" itemprop=\"image\" src=\"https:\/\/sky-it.ro\/clone\/wp-content\/uploads\/2020\/06\/cursuri-excel8.png\" alt=\"carousel image\" \/><\/span><\/a><\/div><\/li><li class='item'><div class=\"carousel_item_holder\"><a itemprop='url' href='#' target='_self'><span class='first_image_holder has_hover_image'><img decoding=\"async\" itemprop=\"image\" src=\"https:\/\/sky-it.ro\/clone\/wp-content\/uploads\/2020\/06\/cursuri-excel11.png\" alt=\"carousel image\" \/><\/span><span class='second_image_holder has_hover_image'><img decoding=\"async\" itemprop=\"image\" src=\"https:\/\/sky-it.ro\/clone\/wp-content\/uploads\/2020\/06\/cursuri-excel10.png\" alt=\"carousel image\" \/><\/span><\/a><\/div><\/li><li class='item'><div class=\"carousel_item_holder\"><a itemprop='url' href='#' target='_self'><span class='first_image_holder has_hover_image'><img decoding=\"async\" itemprop=\"image\" src=\"https:\/\/sky-it.ro\/clone\/wp-content\/uploads\/2020\/06\/cursuri-excel13.png\" alt=\"carousel image\" \/><\/span><span class='second_image_holder has_hover_image'><img decoding=\"async\" itemprop=\"image\" src=\"https:\/\/sky-it.ro\/clone\/wp-content\/uploads\/2020\/06\/cursuri-excel12.png\" alt=\"carousel image\" \/><\/span><\/a><\/div><\/li><li class='item'><div class=\"carousel_item_holder\"><a itemprop='url' href='#' target='_self'><span class='first_image_holder has_hover_image'><img decoding=\"async\" itemprop=\"image\" src=\"https:\/\/sky-it.ro\/clone\/wp-content\/uploads\/2020\/06\/cursuri-excel15.png\" alt=\"carousel image\" \/><\/span><span class='second_image_holder has_hover_image'><img decoding=\"async\" itemprop=\"image\" src=\"https:\/\/sky-it.ro\/clone\/wp-content\/uploads\/2020\/06\/cursuri-excel14.png\" alt=\"carousel image\" \/><\/span><\/a><\/div><\/li><\/ul><\/div><\/div>[\/vc_column][\/vc_row]<\/p>\n","protected":false},"excerpt":{"rendered":"<p>[vc_row css_animation=&#8221;&#8221; row_type=&#8221;row&#8221; use_row_as_full_screen_section=&#8221;no&#8221; type=&#8221;full_width&#8221; angled_section=&#8221;no&#8221; text_align=&#8221;left&#8221; background_image_as_pattern=&#8221;without_pattern&#8221;][vc_column][vc_single_image image=&#8221;2601&#8243; img_size=&#8221;full&#8221; alignment=&#8221;center&#8221; qode_css_animation=&#8221;&#8221;][\/vc_column][\/vc_row][vc_row css_animation=&#8221;&#8221; row_type=&#8221;row&#8221; use_row_as_full_screen_section=&#8221;no&#8221; type=&#8221;grid&#8221; angled_section=&#8221;no&#8221; text_align=&#8221;left&#8221; background_image_as_pattern=&#8221;without_pattern&#8221; z_index=&#8221;&#8221; padding_top=&#8221;44&#8243; padding_bottom=&#8221;44&#8243;][vc_column width=&#8221;2\/3&#8243;][vc_row_inner row_type=&#8221;row&#8221; type=&#8221;full_width&#8221; text_align=&#8221;left&#8221; css_animation=&#8221;&#8221;][vc_column_inner width=&#8221;1\/3&#8243;][vc_column_text] Durata: 12 ore [\/vc_column_text][\/vc_column_inner][vc_column_inner width=&#8221;1\/3&#8243;][vc_column_text] Pret: 165Euro [\/vc_column_text][\/vc_column_inner][vc_column_inner width=&#8221;1\/3&#8243;][vc_column_text] Nivel: Incepator-Mediu [\/vc_column_text][\/vc_column_inner][\/vc_row_inner][vc_separator type=&#8221;transparent&#8221; up=&#8221;44&#8243;][\/vc_column][vc_column width=&#8221;1\/3&#8243;][vc_row_inner row_type=&#8221;row&#8221; type=&#8221;full_width&#8221;&#8230;<\/p>\n","protected":false},"author":1,"featured_media":0,"parent":0,"menu_order":0,"comment_status":"closed","ping_status":"closed","template":"full_width.php","meta":{"footnotes":""},"categories":[],"tags":[],"yst_prominent_words":[],"_links":{"self":[{"href":"https:\/\/sky-it.ro\/clone\/wp-json\/wp\/v2\/pages\/845"}],"collection":[{"href":"https:\/\/sky-it.ro\/clone\/wp-json\/wp\/v2\/pages"}],"about":[{"href":"https:\/\/sky-it.ro\/clone\/wp-json\/wp\/v2\/types\/page"}],"author":[{"embeddable":true,"href":"https:\/\/sky-it.ro\/clone\/wp-json\/wp\/v2\/users\/1"}],"replies":[{"embeddable":true,"href":"https:\/\/sky-it.ro\/clone\/wp-json\/wp\/v2\/comments?post=845"}],"version-history":[{"count":26,"href":"https:\/\/sky-it.ro\/clone\/wp-json\/wp\/v2\/pages\/845\/revisions"}],"predecessor-version":[{"id":4466,"href":"https:\/\/sky-it.ro\/clone\/wp-json\/wp\/v2\/pages\/845\/revisions\/4466"}],"wp:attachment":[{"href":"https:\/\/sky-it.ro\/clone\/wp-json\/wp\/v2\/media?parent=845"}],"wp:term":[{"taxonomy":"category","embeddable":true,"href":"https:\/\/sky-it.ro\/clone\/wp-json\/wp\/v2\/categories?post=845"},{"taxonomy":"post_tag","embeddable":true,"href":"https:\/\/sky-it.ro\/clone\/wp-json\/wp\/v2\/tags?post=845"},{"taxonomy":"yst_prominent_words","embeddable":true,"href":"https:\/\/sky-it.ro\/clone\/wp-json\/wp\/v2\/yst_prominent_words?post=845"}],"curies":[{"name":"wp","href":"https:\/\/api.w.org\/{rel}","templated":true}]}}